{"id":45,"date":"2024-03-13T12:46:15","date_gmt":"2024-03-13T09:46:15","guid":{"rendered":"https:\/\/marcinkeviciene.lt\/?page_id=45"},"modified":"2024-03-13T12:48:42","modified_gmt":"2024-03-13T09:48:42","slug":"mindfulness","status":"publish","type":"page","link":"https:\/\/marcinkeviciene.lt\/index.php\/mindfulness\/","title":{"rendered":"Mindfulness"},"content":{"rendered":"\n<h2 class=\"wp-block-heading\">D\u0117mesingas \u012fsis\u0105moninimas<\/h2>\n","protected":false},"excerpt":{"rendered":"<p>D\u0117mesingas \u012fsis\u0105moninimas<\/p>\n","protected":false},"author":1,"featured_media":0,"parent":0,"menu_order":0,"comment_status":"closed","ping_status":"closed","template":"","meta":{"footnotes":""},"_links":{"self":[{"href":"https:\/\/marcinkeviciene.lt\/index.php\/wp-json\/wp\/v2\/pages\/45"}],"collection":[{"href":"https:\/\/marcinkeviciene.lt\/index.php\/wp-json\/wp\/v2\/pages"}],"about":[{"href":"https:\/\/marcinkeviciene.lt\/index.php\/wp-json\/wp\/v2\/types\/page"}],"author":[{"embeddable":true,"href":"https:\/\/marcinkeviciene.lt\/index.php\/wp-json\/wp\/v2\/users\/1"}],"replies":[{"embeddable":true,"href":"https:\/\/marcinkeviciene.lt\/index.php\/wp-json\/wp\/v2\/comments?post=45"}],"version-history":[{"count":2,"href":"https:\/\/marcinkeviciene.lt\/index.php\/wp-json\/wp\/v2\/pages\/45\/revisions"}],"predecessor-version":[{"id":52,"href":"https:\/\/marcinkeviciene.lt\/index.php\/wp-json\/wp\/v2\/pages\/45\/revisions\/52"}],"wp:attachment":[{"href":"https:\/\/marcinkeviciene.lt\/index.php\/wp-json\/wp\/v2\/media?parent=45"}],"curies":[{"name":"wp","href":"https:\/\/api.w.org\/{rel}","templated":true}]}}